{"id":277,"date":"2017-07-15T17:11:28","date_gmt":"2017-07-15T17:11:28","guid":{"rendered":"http:\/\/spinnerundweber.de\/?page_id=277"},"modified":"2022-10-28T23:38:20","modified_gmt":"2022-10-28T23:38:20","slug":"contact","status":"publish","type":"page","link":"https:\/\/spinnerundweber.de\/?page_id=277","title":{"rendered":"About\/ Contact\/ Datenschutz"},"content":{"rendered":"<div id=\"primary\" class=\"content-area\">\n<article id=\"post-6\" class=\"post-6 page type-page status-publish has-post-thumbnail hentry\">\n<div class=\"entry-content\">\n<div class=\"entry-content\">\n<p>\u00dcber uns:&nbsp; (scroll down for english)<\/p>\n<p>SUW steht f\u00fcr <em>Spinner und Weber <\/em><\/p>\n<p>Spinner sind diejenigen,&nbsp; die den Faden spinnen aber auch die Spinner mit nichts als Flausen im Kopf.<\/p>\n<p>Weber weben, normalerweise am Webstuhl.<\/p>\n<p>SUW verbindet beides.<\/p>\n<p>\u201cBei uns werden Gedanken gesponnen und mit der Nachbarschaft\/Gesellschaft verwoben\u201d Wir sind ein heterogener Raum f\u00fcr alle, wir haben eher das Publikum dass man in der Kneipe nebenan antrift als das was \u00fcblicherweise auf Ausstellungser\u00f6ffnungen rumlungert.<\/p>\n<p>Das \u201cSUW\u201d ist ein nicht-kommerzieller Laden in Berlin Wedding. Wir sind interessiert an ungew\u00f6hnlichen Ans\u00e4tzen und entwickeln auch gerne gemeinsam mit interessierten Leuten Konzepte. Bei uns k\u00f6nnen Dinge ausprobiert und diskutiert werden. Hier treffen sich Profis, Laien und&nbsp; sogar Banausen. Wir sind am Austausch interessiert und nicht daran, etwas vorzuschreiben oder eine Hierarchie zu errichten, wir gehen dennoch hart ins Gericht mit der Kunst weil sie wichtig ist und zu mehr in der Lage ist als es oft scheint.<\/p>\n<p>English:<\/p>\n<p>About us:<\/p>\n<p>SUW stands for <em>Spinner und Weber<\/em> (spinners and weavers) \u201cSpinner\u201d are not only the ones who are spinning the yarn but also weirdos with nutty ideas in their heads. \u201cWeber\u201d are weavers weaving the yarn, normally on a loom. SUW wants to combine these attitudes and so we are always up for interesting projects and collaborations!!&nbsp; \u201cspinning thoughts and weaving them into society\u201d<\/p>\n<p>The \u201cSUW\u201d is a non commercial projectspace in Berlin Wedding.&nbsp; We are experimental and do things that are debatable or might not fit into established categories. Us and our audience is very heterogenic, consisting of art pros, philistines and art haters. We want to communicate culture and not prescribe a hierarchical ideal of what is good art even if it exists. We are not in a bubble.<\/p>\n<p>Spinner &amp; Weber (SUW)<\/p>\n<p>Br\u00fcsselerstr.37<\/p>\n<p>13353 Berlin Wedding<\/p>\n<p>Email: Spinnerundweber@gmail.com<\/p>\n<p>Open always Thursday-Friday 3pm-8pm or until later but better check on Facebook or call for individual opening times&#8230; these might vary.<\/p>\n<p><a class=\"customize-unpreviewable\" href=\"https:\/\/www.facebook.com\/SpinnerundWeber\/\">https:\/\/www.facebook.com\/SpinnerundWeber\/<\/a><\/p>\n<p>Contact us if you want to exhibit, plan an event or just rent the space for a birthday or something else.<\/p>\n<p>Datenschutzerkl\u00e4rung:<\/p>\n<p>Die Adresse unserer Website ist: https:\/\/spinnerundweber.de.<\/p>\n<p>Kommentare: Wenn Besucher Kommentare auf der Website schreiben, sammeln wir die Daten, die im Kommentar-Formular angezeigt werden, au\u00dferdem die IP-Adresse des Besuchers und den User-Agent-String (damit wird der Browser identifiziert), um die Erkennung von Spam zu unterst\u00fctzen. Aus deiner E-Mail-Adresse kann eine anonymisierte Zeichenfolge erstellt (auch Hash genannt) und dem Gravatar-Dienst \u00fcbergeben werden, um zu pr\u00fcfen, ob du diesen benutzt. Die Datenschutzerkl\u00e4rung des Gravatar-Dienstes findest du hier: https:\/\/automattic.com\/privacy\/. Nachdem dein Kommentar freigegeben wurde, ist dein Profilbild \u00f6ffentlich im Kontext deines Kommentars sichtbar. Medien Wenn du ein registrierter Benutzer bist und Fotos auf diese Website l\u00e4dst, solltest du vermeiden, Fotos mit einem EXIF-GPS-Standort hochzuladen. Besucher dieser Website k\u00f6nnten Fotos, die auf dieser Website gespeichert sind, herunterladen und deren Standort-Informationen extrahieren. Cookies Wenn du einen Kommentar auf unserer Website schreibst, kann das eine Einwilligung sein, deinen Namen, E-Mail-Adresse und Website in Cookies zu speichern. Dies ist eine Komfortfunktion, damit du nicht, wenn du einen weiteren Kommentar schreibst, all diese Daten erneut eingeben musst. Diese Cookies werden ein Jahr lang gespeichert. Falls du ein Konto hast und dich auf dieser Website anmeldest, werden wir ein tempor\u00e4res Cookie setzen, um festzustellen, ob dein Browser Cookies akzeptiert. Dieses Cookie enth\u00e4lt keine personenbezogenen Daten und wird verworfen, wenn du deinen Browser schlie\u00dft. Wenn du dich anmeldest, werden wir einige Cookies einrichten, um deine Anmeldeinformationen und Anzeigeoptionen zu speichern. Anmelde-Cookies verfallen nach zwei Tagen und Cookies f\u00fcr die Anzeigeoptionen nach einem Jahr. Falls du bei der Anmeldung \u201eAngemeldet bleiben\u201c ausw\u00e4hlst, wird deine Anmeldung zwei Wochen lang aufrechterhalten. Mit der Abmeldung aus deinem Konto werden die Anmelde-Cookies gel\u00f6scht. Wenn du einen Artikel bearbeitest oder ver\u00f6ffentlichst, wird ein zus\u00e4tzlicher Cookie in deinem Browser gespeichert. Dieser Cookie enth\u00e4lt keine personenbezogenen Daten und verweist nur auf die Beitrags-ID des Artikels, den du gerade bearbeitet hast. Der Cookie verf\u00e4llt nach einem Tag. Eingebettete Inhalte von anderen Websites Beitr\u00e4ge auf dieser Website k\u00f6nnen eingebettete Inhalte beinhalten (z.&nbsp;B. Videos, Bilder, Beitr\u00e4ge etc.). Eingebettete Inhalte von anderen Websites verhalten sich exakt so, als ob der Besucher die andere Website besucht h\u00e4tte. Diese Websites k\u00f6nnen Daten \u00fcber dich sammeln, Cookies benutzen, zus\u00e4tzliche Tracking-Dienste von Dritten einbetten und deine Interaktion mit diesem eingebetteten Inhalt aufzeichnen, inklusive deiner Interaktion mit dem eingebetteten Inhalt, falls du ein Konto hast und auf dieser Website angemeldet bist. Mit wem wir deine Daten teilen Wenn du eine Zur\u00fccksetzung des Passworts beantragst, wird deine IP-Adresse in der E-Mail zur Zur\u00fccksetzung enthalten sein. Wie lange wir deine Daten speichern Wenn du einen Kommentar schreibst, wird dieser inklusive Metadaten zeitlich unbegrenzt gespeichert. Auf diese Art k\u00f6nnen wir Folgekommentare automatisch erkennen und freigeben, anstatt sie in einer Moderations-Warteschlange festzuhalten. F\u00fcr Benutzer, die sich auf unserer Website registrieren, speichern wir zus\u00e4tzlich die pers\u00f6nlichen Informationen, die sie in ihren Benutzerprofilen angeben. Alle Benutzer k\u00f6nnen jederzeit ihre pers\u00f6nlichen Informationen einsehen, ver\u00e4ndern oder l\u00f6schen (der Benutzername kann nicht ver\u00e4ndert werden). Administratoren der Website k\u00f6nnen diese Informationen ebenfalls einsehen und ver\u00e4ndern. Welche Rechte du an deinen Daten hast Wenn du ein Konto auf dieser Website besitzt oder Kommentare geschrieben hast, kannst du einen Export deiner personenbezogenen Daten bei uns anfordern, inklusive aller Daten, die du uns mitgeteilt hast. Dar\u00fcber hinaus kannst du die L\u00f6schung aller personenbezogenen Daten, die wir von dir gespeichert haben, anfordern. Dies umfasst nicht die Daten, die wir aufgrund administrativer, rechtlicher oder sicherheitsrelevanter Notwendigkeiten aufbewahren m\u00fcssen. Wohin deine Daten gesendet werden Besucher-Kommentare k\u00f6nnten von einem automatisierten Dienst zur Spam-Erkennung untersucht werden. Wir benutzen WordPress und ein vorgefertigtes Theme, alle Designs und Schriftarten stammen von diesen Anbietern und wir \u00fcbernehmen keine Verantwortung f\u00fcr m\u00f6gliche Probleme die durch diese Anbieter enstehen.<\/p>\n<\/div>\n<\/div>\n<\/article>\n<\/div>\n<pre id=\"secondary\" class=\"widget-area\" role=\"complementary\">\n<\/pre>\n","protected":false},"excerpt":{"rendered":"<p>\u00dcber uns:&nbsp; (scroll down for english) SUW steht f\u00fcr Spinner und Weber Spinner sind diejenigen,&nbsp; die den Faden spinnen aber auch die Spinner mit nichts als Flausen im Kopf. Weber weben, normalerweise am Webstuhl. SUW verbindet beides. \u201cBei uns werden Gedanken gesponnen und mit der Nachbarschaft\/Gesellschaft verwoben\u201d Wir sind ein heterogener Raum f\u00fcr alle, wir&#8230; <a href=\"https:\/\/spinnerundweber.de\/?page_id=277\">Continue reading <span class=\"screen-reader-text\">&#8222;About\/ Contact\/ Datenschutz&#8220;<\/span><\/a><\/p>\n","protected":false},"author":1,"featured_media":607,"parent":0,"menu_order":0,"comment_status":"closed","ping_status":"closed","template":"","meta":{"footnotes":""},"class_list":["post-277","page","type-page","status-publish","has-post-thumbnail","hentry"],"_links":{"self":[{"href":"https:\/\/spinnerundweber.de\/index.php?rest_route=\/wp\/v2\/pages\/277","targetHints":{"allow":["GET"]}}],"collection":[{"href":"https:\/\/spinnerundweber.de\/index.php?rest_route=\/wp\/v2\/pages"}],"about":[{"href":"https:\/\/spinnerundweber.de\/index.php?rest_route=\/wp\/v2\/types\/page"}],"author":[{"embeddable":true,"href":"https:\/\/spinnerundweber.de\/index.php?rest_route=\/wp\/v2\/users\/1"}],"replies":[{"embeddable":true,"href":"https:\/\/spinnerundweber.de\/index.php?rest_route=%2Fwp%2Fv2%2Fcomments&post=277"}],"version-history":[{"count":9,"href":"https:\/\/spinnerundweber.de\/index.php?rest_route=\/wp\/v2\/pages\/277\/revisions"}],"predecessor-version":[{"id":704,"href":"https:\/\/spinnerundweber.de\/index.php?rest_route=\/wp\/v2\/pages\/277\/revisions\/704"}],"wp:featuredmedia":[{"embeddable":true,"href":"https:\/\/spinnerundweber.de\/index.php?rest_route=\/wp\/v2\/media\/607"}],"wp:attachment":[{"href":"https:\/\/spinnerundweber.de\/index.php?rest_route=%2Fwp%2Fv2%2Fmedia&parent=277"}],"curies":[{"name":"wp","href":"https:\/\/api.w.org\/{rel}","templated":true}]}}