{"id":8,"date":"2016-05-21T13:07:56","date_gmt":"2016-05-21T13:07:56","guid":{"rendered":"http:\/\/spinnerundweber.de\/?page_id=8"},"modified":"2022-10-28T23:35:15","modified_gmt":"2022-10-28T23:35:15","slug":"8-2","status":"publish","type":"page","link":"https:\/\/spinnerundweber.de\/?page_id=8","title":{"rendered":"Spinner &#038; Weber  Vereins Caf\u00e9"},"content":{"rendered":"<p>Es gibt guten Kaffee, kalte Getr\u00e4nke und ab und zu bringt auch mal jemand hausgemachten Kuchen. Kommt einfach vorbei und lernt die Nachbarschaft kennen, Ihr k\u00f6nnt auch gerne euer eigenes Essen mitbringen und dazu was bei uns trinken.<\/p>\n<p>Es gibt&nbsp; immer Wlan und manchmal Tischtennis.<\/p>\n<p>Das Caf\u00e9 l\u00e4uft auf Vereinsbasis und dient dazu die Miete f\u00fcr den Laden aufzubringen damit wir auch in Zukunft unabh\u00e4ngig unsere Ausstellungen und anderen kostenlosen kulturellen Events veranstalten k\u00f6nnen. (Wir existieren seit 2013 und wurden nie gef\u00f6rdert)<\/p>\n<p>We serve coffee, cold drinks, homemade cake.&nbsp; Come and check out the neighbourhood, you can also bring your own food. We sometimes have table-tennis or other entertainment options available and then there is of course always free WiFi.<\/p>\n<p>The Caf\u00e9 is open to anyone and run by us as an registered association (e.V.) , so we do not earn money for ourselves but to pay the rent and improve the space. <\/p>\n<p><\/p>\n\n\n<figure class=\"wp-block-gallery has-nested-images columns-default is-cropped wp-block-gallery-1 is-layout-flex wp-block-gallery-is-layout-flex\"><\/figure>\n","protected":false},"excerpt":{"rendered":"<p>Es gibt guten Kaffee, kalte Getr\u00e4nke und ab und zu bringt auch mal jemand hausgemachten Kuchen. Kommt einfach vorbei und lernt die Nachbarschaft kennen, Ihr k\u00f6nnt auch gerne euer eigenes Essen mitbringen und dazu was bei uns trinken. Es gibt&nbsp; immer Wlan und manchmal Tischtennis. Das Caf\u00e9 l\u00e4uft auf Vereinsbasis und dient dazu die Miete&#8230; <a href=\"https:\/\/spinnerundweber.de\/?page_id=8\">Continue reading <span class=\"screen-reader-text\">&#8222;Spinner &#038; Weber  Vereins Caf\u00e9&#8220;<\/span><\/a><\/p>\n","protected":false},"author":1,"featured_media":612,"parent":0,"menu_order":0,"comment_status":"closed","ping_status":"closed","template":"templates\/fullwidth.php","meta":{"footnotes":""},"class_list":["post-8","page","type-page","status-publish","has-post-thumbnail","hentry"],"_links":{"self":[{"href":"https:\/\/spinnerundweber.de\/index.php?rest_route=\/wp\/v2\/pages\/8","targetHints":{"allow":["GET"]}}],"collection":[{"href":"https:\/\/spinnerundweber.de\/index.php?rest_route=\/wp\/v2\/pages"}],"about":[{"href":"https:\/\/spinnerundweber.de\/index.php?rest_route=\/wp\/v2\/types\/page"}],"author":[{"embeddable":true,"href":"https:\/\/spinnerundweber.de\/index.php?rest_route=\/wp\/v2\/users\/1"}],"replies":[{"embeddable":true,"href":"https:\/\/spinnerundweber.de\/index.php?rest_route=%2Fwp%2Fv2%2Fcomments&post=8"}],"version-history":[{"count":30,"href":"https:\/\/spinnerundweber.de\/index.php?rest_route=\/wp\/v2\/pages\/8\/revisions"}],"predecessor-version":[{"id":702,"href":"https:\/\/spinnerundweber.de\/index.php?rest_route=\/wp\/v2\/pages\/8\/revisions\/702"}],"wp:featuredmedia":[{"embeddable":true,"href":"https:\/\/spinnerundweber.de\/index.php?rest_route=\/wp\/v2\/media\/612"}],"wp:attachment":[{"href":"https:\/\/spinnerundweber.de\/index.php?rest_route=%2Fwp%2Fv2%2Fmedia&parent=8"}],"curies":[{"name":"wp","href":"https:\/\/api.w.org\/{rel}","templated":true}]}}